{"id":1467,"date":"2025-04-24T12:44:05","date_gmt":"2025-04-24T12:44:05","guid":{"rendered":"https:\/\/materialnetzwerk-frankfurt.de\/?page_id=1467"},"modified":"2025-06-27T08:04:20","modified_gmt":"2025-06-27T08:04:20","slug":"elementor-seite-1467","status":"publish","type":"page","link":"https:\/\/materialnetzwerk-frankfurt.de\/?page_id=1467","title":{"rendered":"Unterrichtstools"},"content":{"rendered":"\t\t<div data-elementor-type=\"wp-page\" data-elementor-id=\"1467\" class=\"elementor elementor-1467\" data-elementor-post-type=\"page\">\n\t\t\t\t\t\t<section class=\"elementor-section elementor-top-section elementor-element elementor-element-9cc4140 elementor-section-boxed elementor-section-height-default elementor-section-height-default\" data-id=\"9cc4140\" data-element_type=\"section\" data-e-type=\"section\">\n\t\t\t\t\t\t<div class=\"elementor-container elementor-column-gap-default\">\n\t\t\t\t\t<div class=\"elementor-column elementor-col-100 elementor-top-column elementor-element elementor-element-339ccfc\" data-id=\"339ccfc\" data-element_type=\"column\" data-e-type=\"column\">\n\t\t\t<div class=\"elementor-widget-wrap elementor-element-populated\">\n\t\t\t\t\t\t<div class=\"elementor-element elementor-element-5fe0d2c elementor-widget elementor-widget-heading\" data-id=\"5fe0d2c\" data-element_type=\"widget\" data-e-type=\"widget\" data-widget_type=\"heading.default\">\n\t\t\t\t<div class=\"elementor-widget-container\">\n\t\t\t\t\t<h2 class=\"elementor-heading-title elementor-size-default\">Unterrichtstools<\/h2>\t\t\t\t<\/div>\n\t\t\t\t<\/div>\n\t\t\t\t<section class=\"elementor-section elementor-inner-section elementor-element elementor-element-fe85e5a elementor-section-boxed elementor-section-height-default elementor-section-height-default\" data-id=\"fe85e5a\" data-element_type=\"section\" data-e-type=\"section\">\n\t\t\t\t\t\t<div class=\"elementor-container elementor-column-gap-default\">\n\t\t\t\t\t<div class=\"elementor-column elementor-col-50 elementor-inner-column elementor-element elementor-element-d108b37\" data-id=\"d108b37\" data-element_type=\"column\" data-e-type=\"column\">\n\t\t\t<div class=\"elementor-widget-wrap elementor-element-populated\">\n\t\t\t\t\t\t<div class=\"elementor-element elementor-element-74db772 elementor-widget elementor-widget-heading\" data-id=\"74db772\" data-element_type=\"widget\" data-e-type=\"widget\" data-widget_type=\"heading.default\">\n\t\t\t\t<div class=\"elementor-widget-container\">\n\t\t\t\t\t<h3 class=\"elementor-heading-title elementor-size-default\">Edumaps<\/h3>\t\t\t\t<\/div>\n\t\t\t\t<\/div>\n\t\t\t\t<div class=\"elementor-element elementor-element-7d19963 elementor-widget elementor-widget-text-editor\" data-id=\"7d19963\" data-element_type=\"widget\" data-e-type=\"widget\" data-widget_type=\"text-editor.default\">\n\t\t\t\t<div class=\"elementor-widget-container\">\n\t\t\t\t\t\t\t\t\t<p>Edumaps ist eine digitale Pinnwand, die hessischen Schulen \u00fcber den Edupool Hessen zur Verf\u00fcgung steht. Mit diesem Tool k\u00f6nnen Lehrkr\u00e4fte und Sch\u00fcler*innen gemeinsam Inhalte online sammeln, organisieren und teilen. Die Funktionen von Edumaps umfassen unter anderem das Verfassen von Texten, das Hochladen von Bildern, das Aufnehmen von Audiodateien sowie das Liken und Kommentieren von Beitr\u00e4gen anderer.<\/p><p><strong>Edupool Frankfurt:\u00a0<\/strong><br \/><a href=\"https:\/\/hessen.edupool.de\/home?standort=11&amp;pid=hi4dcadop6269hm3j0htmai3l0#77e47b4396c22da5475081eb2cf3ac84\">Registrierungsformular<\/a><br \/><a href=\"https:\/\/hessen.edupool.de\/home?standort=11&amp;pid=5j5cd0tvn3jvpb6ah7qvv2scs4#cd964c6cf578eb2fcdaef556cb0f6469\">Login<\/a><\/p>\t\t\t\t\t\t\t\t<\/div>\n\t\t\t\t<\/div>\n\t\t\t\t\t<\/div>\n\t\t<\/div>\n\t\t\t\t<div class=\"elementor-column elementor-col-50 elementor-inner-column elementor-element elementor-element-7bf13fe\" data-id=\"7bf13fe\" data-element_type=\"column\" data-e-type=\"column\">\n\t\t\t<div class=\"elementor-widget-wrap elementor-element-populated\">\n\t\t\t\t\t\t<div class=\"elementor-element elementor-element-9583751 elementor-widget elementor-widget-video\" data-id=\"9583751\" data-element_type=\"widget\" data-e-type=\"widget\" data-settings=\"{&quot;youtube_url&quot;:&quot;https:\\\/\\\/www.youtube.com\\\/shorts\\\/K3I4oAkL3pc&quot;,&quot;video_type&quot;:&quot;youtube&quot;,&quot;controls&quot;:&quot;yes&quot;}\" data-widget_type=\"video.default\">\n\t\t\t\t<div class=\"elementor-widget-container\">\n\t\t\t\t\t\t\t<div class=\"elementor-wrapper elementor-open-inline\">\n\t\t\t<div class=\"elementor-video\"><\/div>\t\t<\/div>\n\t\t\t\t\t\t<\/div>\n\t\t\t\t<\/div>\n\t\t\t\t<div class=\"elementor-element elementor-element-9447924 elementor-widget elementor-widget-text-editor\" data-id=\"9447924\" data-element_type=\"widget\" data-e-type=\"widget\" data-widget_type=\"text-editor.default\">\n\t\t\t\t<div class=\"elementor-widget-container\">\n\t\t\t\t\t\t\t\t\t<p>In diesem Video erkl\u00e4ren wir euch, wie ihr \u00fcber den Edupool eures Medienzentrums zu Edumaps kommt und wie ihr dort eure ersten Maps anlegt.<\/p><p>\u00a0<\/p>\t\t\t\t\t\t\t\t<\/div>\n\t\t\t\t<\/div>\n\t\t\t\t\t<\/div>\n\t\t<\/div>\n\t\t\t\t\t<\/div>\n\t\t<\/section>\n\t\t\t\t<section class=\"elementor-section elementor-inner-section elementor-element elementor-element-52c5d20 elementor-section-boxed elementor-section-height-default elementor-section-height-default\" data-id=\"52c5d20\" data-element_type=\"section\" data-e-type=\"section\">\n\t\t\t\t\t\t<div class=\"elementor-container elementor-column-gap-default\">\n\t\t\t\t\t<div class=\"elementor-column elementor-col-50 elementor-inner-column elementor-element elementor-element-9ec97d0\" data-id=\"9ec97d0\" data-element_type=\"column\" data-e-type=\"column\">\n\t\t\t<div class=\"elementor-widget-wrap elementor-element-populated\">\n\t\t\t\t\t\t<div class=\"elementor-element elementor-element-dff5022 elementor-widget elementor-widget-heading\" data-id=\"dff5022\" data-element_type=\"widget\" data-e-type=\"widget\" data-widget_type=\"heading.default\">\n\t\t\t\t<div class=\"elementor-widget-container\">\n\t\t\t\t\t<h3 class=\"elementor-heading-title elementor-size-default\">Edumaps entdecken<\/h3>\t\t\t\t<\/div>\n\t\t\t\t<\/div>\n\t\t\t\t<div class=\"elementor-element elementor-element-6e560e5 elementor-widget elementor-widget-text-editor\" data-id=\"6e560e5\" data-element_type=\"widget\" data-e-type=\"widget\" data-widget_type=\"text-editor.default\">\n\t\t\t\t<div class=\"elementor-widget-container\">\n\t\t\t\t\t\t\t\t\t<p><span data-teams=\"true\">Unter dem Men\u00fcpunkt &#8222;Entdecken&#8220; bei Edumaps sind verschiedene Mediatheken verlinkt. Das Material, zum Beispiel Arbeitsbl\u00e4tter, Bilder oder Videos kann direkt im Unterricht eingesetzt werden. Es gibt eine Freie Mediathek mit lizenzfreien Materialien, den Edupool Hessen, mit lizenzgebundenen Filmen und Unterrichtsmaterialien und die Materialien des Materialnetzwerks.<br \/>Dar\u00fcber hinaus zeigen wir, wie Inhalte aus den Mediatheken in eigene Maps f\u00fcr den Unterricht\u00a0 integriert werden k\u00f6nnen.<\/span><\/p><p><strong>Edumaps:\u00a0<\/strong><br \/><a href=\"https:\/\/he.edumaps.de\/folder\/7\/1\/imhcphqc26\/txjmsz7xks\">Weitere Edumaps Tutorials zum Nachlesen<\/a><\/p>\t\t\t\t\t\t\t\t<\/div>\n\t\t\t\t<\/div>\n\t\t\t\t\t<\/div>\n\t\t<\/div>\n\t\t\t\t<div class=\"elementor-column elementor-col-50 elementor-inner-column elementor-element elementor-element-070e636\" data-id=\"070e636\" data-element_type=\"column\" data-e-type=\"column\">\n\t\t\t<div class=\"elementor-widget-wrap elementor-element-populated\">\n\t\t\t\t\t\t<div class=\"elementor-element elementor-element-59bfd46 elementor-widget elementor-widget-video\" data-id=\"59bfd46\" data-element_type=\"widget\" data-e-type=\"widget\" data-settings=\"{&quot;youtube_url&quot;:&quot;https:\\\/\\\/www.youtube.com\\\/shorts\\\/zDrVeUtFLmA&quot;,&quot;video_type&quot;:&quot;youtube&quot;,&quot;controls&quot;:&quot;yes&quot;}\" data-widget_type=\"video.default\">\n\t\t\t\t<div class=\"elementor-widget-container\">\n\t\t\t\t\t\t\t<div class=\"elementor-wrapper elementor-open-inline\">\n\t\t\t<div class=\"elementor-video\"><\/div>\t\t<\/div>\n\t\t\t\t\t\t<\/div>\n\t\t\t\t<\/div>\n\t\t\t\t<div class=\"elementor-element elementor-element-6f94086 elementor-widget elementor-widget-text-editor\" data-id=\"6f94086\" data-element_type=\"widget\" data-e-type=\"widget\" data-widget_type=\"text-editor.default\">\n\t\t\t\t<div class=\"elementor-widget-container\">\n\t\t\t\t\t\t\t\t\t<p>Hier zeigen wir dir, was es in Edumaps alles &#8222;zu entdecken&#8220; gibt: Freie Mediathek, lizenzgebundene Unterrichtsinhalte und das Materialnetzwerk. Au\u00dferdem zeigen wir dir, wie man das alles spielend einfach in eine eigene Map einbaut.<\/p>\t\t\t\t\t\t\t\t<\/div>\n\t\t\t\t<\/div>\n\t\t\t\t\t<\/div>\n\t\t<\/div>\n\t\t\t\t\t<\/div>\n\t\t<\/section>\n\t\t\t\t<section class=\"elementor-section elementor-inner-section elementor-element elementor-element-424e9a0 elementor-section-boxed elementor-section-height-default elementor-section-height-default\" data-id=\"424e9a0\" data-element_type=\"section\" data-e-type=\"section\">\n\t\t\t\t\t\t<div class=\"elementor-container elementor-column-gap-default\">\n\t\t\t\t\t<div class=\"elementor-column elementor-col-50 elementor-inner-column elementor-element elementor-element-2d4fa34\" data-id=\"2d4fa34\" data-element_type=\"column\" data-e-type=\"column\">\n\t\t\t<div class=\"elementor-widget-wrap elementor-element-populated\">\n\t\t\t\t\t\t<div class=\"elementor-element elementor-element-1fd9f0e elementor-widget elementor-widget-heading\" data-id=\"1fd9f0e\" data-element_type=\"widget\" data-e-type=\"widget\" data-widget_type=\"heading.default\">\n\t\t\t\t<div class=\"elementor-widget-container\">\n\t\t\t\t\t<h3 class=\"elementor-heading-title elementor-size-default\">Edupool<\/h3>\t\t\t\t<\/div>\n\t\t\t\t<\/div>\n\t\t\t\t<div class=\"elementor-element elementor-element-2e245e3 elementor-widget elementor-widget-text-editor\" data-id=\"2e245e3\" data-element_type=\"widget\" data-e-type=\"widget\" data-widget_type=\"text-editor.default\">\n\t\t\t\t<div class=\"elementor-widget-container\">\n\t\t\t\t\t\t\t\t\t<p>Edupool, die Mediathek der hessischen Medienzentren, bietet tausende konkrete Unterrichtsmaterialien (Filme, Bilder, Arbeitsbl\u00e4tter) f\u00fcr alle F\u00e4cher. Au\u00dferdem ist Edupool das zentrale Angebot der Medienzentren, wor\u00fcber Sie auf etliche weitere Softwareprodukte direkt mit Single-Sign-On zugreifen k\u00f6nnen.<\/p><p><strong>Edupool:\u00a0<\/strong><br \/><a href=\"https:\/\/hessen.edupool.de\/\">Login<\/a><br \/><a href=\"https:\/\/hessen.edupool.de\/home?standort=11\">Registrieren f\u00fcr den Edupool Frankfurt<\/a><\/p>\t\t\t\t\t\t\t\t<\/div>\n\t\t\t\t<\/div>\n\t\t\t\t\t<\/div>\n\t\t<\/div>\n\t\t\t\t<div class=\"elementor-column elementor-col-50 elementor-inner-column elementor-element elementor-element-0eff1c7\" data-id=\"0eff1c7\" data-element_type=\"column\" data-e-type=\"column\">\n\t\t\t<div class=\"elementor-widget-wrap elementor-element-populated\">\n\t\t\t\t\t\t<div class=\"elementor-element elementor-element-9b85857 elementor-widget elementor-widget-video\" data-id=\"9b85857\" data-element_type=\"widget\" data-e-type=\"widget\" data-settings=\"{&quot;youtube_url&quot;:&quot;https:\\\/\\\/www.youtube.com\\\/shorts\\\/zDrVeUtFLmA&quot;,&quot;video_type&quot;:&quot;youtube&quot;,&quot;controls&quot;:&quot;yes&quot;}\" data-widget_type=\"video.default\">\n\t\t\t\t<div class=\"elementor-widget-container\">\n\t\t\t\t\t\t\t<div class=\"elementor-wrapper elementor-open-inline\">\n\t\t\t<div class=\"elementor-video\"><\/div>\t\t<\/div>\n\t\t\t\t\t\t<\/div>\n\t\t\t\t<\/div>\n\t\t\t\t<div class=\"elementor-element elementor-element-eba73af elementor-widget elementor-widget-text-editor\" data-id=\"eba73af\" data-element_type=\"widget\" data-e-type=\"widget\" data-widget_type=\"text-editor.default\">\n\t\t\t\t<div class=\"elementor-widget-container\">\n\t\t\t\t\t\t\t\t\t<p>How-To Edupool &#8211; hier zeigen wir dir, wie du auf den den Edupool, die Mediathek der hessischen Medienzentren zugreifen kannst, wie geeignete Materialien f\u00fcr deinen Unterricht findest und und wie du diese deinen Sch\u00fcler:innen zug\u00e4nglich machen kannst.<\/p>\t\t\t\t\t\t\t\t<\/div>\n\t\t\t\t<\/div>\n\t\t\t\t\t<\/div>\n\t\t<\/div>\n\t\t\t\t\t<\/div>\n\t\t<\/section>\n\t\t\t\t<section class=\"elementor-section elementor-inner-section elementor-element elementor-element-0fd5ba1 elementor-section-boxed elementor-section-height-default elementor-section-height-default\" data-id=\"0fd5ba1\" data-element_type=\"section\" data-e-type=\"section\">\n\t\t\t\t\t\t<div class=\"elementor-container elementor-column-gap-default\">\n\t\t\t\t\t<div class=\"elementor-column elementor-col-50 elementor-inner-column elementor-element elementor-element-8aa72fd\" data-id=\"8aa72fd\" data-element_type=\"column\" data-e-type=\"column\">\n\t\t\t<div class=\"elementor-widget-wrap elementor-element-populated\">\n\t\t\t\t\t\t<div class=\"elementor-element elementor-element-253a714 elementor-widget elementor-widget-heading\" data-id=\"253a714\" data-element_type=\"widget\" data-e-type=\"widget\" data-widget_type=\"heading.default\">\n\t\t\t\t<div class=\"elementor-widget-container\">\n\t\t\t\t\t<h3 class=\"elementor-heading-title elementor-size-default\">Onilo Boardstories<\/h3>\t\t\t\t<\/div>\n\t\t\t\t<\/div>\n\t\t\t\t<div class=\"elementor-element elementor-element-e597c89 elementor-widget elementor-widget-text-editor\" data-id=\"e597c89\" data-element_type=\"widget\" data-e-type=\"widget\" data-widget_type=\"text-editor.default\">\n\t\t\t\t<div class=\"elementor-widget-container\">\n\t\t\t\t\t\t\t\t\t<p><span data-teams=\"true\">Onilo ist eine Lernplattform\u00a0<\/span><span style=\"font-size: 1rem;\">zur Sprach- und Lesef\u00f6rderung mit <\/span><span style=\"font-style: inherit; font-weight: inherit;\">\u00fcber 200 Boardstories. Die animierten Bilder-Geschichten enthalten Impulse oder Fragen f\u00fcr den Unterricht und k\u00f6nnen an die Lerngruppe und das Lernziel angepasst werden. Auch gibt es zus\u00e4tzliches Arbeitsmaterial zum downloaden.<\/span><\/p><p><strong>Onilo:<\/strong><br \/><a href=\"https:\/\/onilo.de\/unser-didaktisches-erfolgskonzept\">P\u00e4dagogisches Konzept<\/a><br \/><a href=\"https:\/\/onilo.de\/erklaervideos\">Produkterkl\u00e4rvideos<\/a><br \/><br \/><\/p><p>\u00a0<\/p>\t\t\t\t\t\t\t\t<\/div>\n\t\t\t\t<\/div>\n\t\t\t\t\t<\/div>\n\t\t<\/div>\n\t\t\t\t<div class=\"elementor-column elementor-col-50 elementor-inner-column elementor-element elementor-element-18e969b\" data-id=\"18e969b\" data-element_type=\"column\" data-e-type=\"column\">\n\t\t\t<div class=\"elementor-widget-wrap elementor-element-populated\">\n\t\t\t\t\t\t<div class=\"elementor-element elementor-element-f1dbe41 elementor-widget elementor-widget-video\" data-id=\"f1dbe41\" data-element_type=\"widget\" data-e-type=\"widget\" data-settings=\"{&quot;youtube_url&quot;:&quot;https:\\\/\\\/www.youtube.com\\\/shorts\\\/0EHwZBws-Z4&quot;,&quot;video_type&quot;:&quot;youtube&quot;,&quot;controls&quot;:&quot;yes&quot;}\" data-widget_type=\"video.default\">\n\t\t\t\t<div class=\"elementor-widget-container\">\n\t\t\t\t\t\t\t<div class=\"elementor-wrapper elementor-open-inline\">\n\t\t\t<div class=\"elementor-video\"><\/div>\t\t<\/div>\n\t\t\t\t\t\t<\/div>\n\t\t\t\t<\/div>\n\t\t\t\t<div class=\"elementor-element elementor-element-706c0d3 elementor-widget elementor-widget-text-editor\" data-id=\"706c0d3\" data-element_type=\"widget\" data-e-type=\"widget\" data-widget_type=\"text-editor.default\">\n\t\t\t\t<div class=\"elementor-widget-container\">\n\t\t\t\t\t\t\t\t\t<p>How-To Onilo Boardstories &#8211; hier zeigen wir dir, wie du \u00fcber den Edupool auf Onilo zugreifen kannst und wie du die Boardstories zur Lesef\u00f6rderung einsetzen kannst.<\/p>\t\t\t\t\t\t\t\t<\/div>\n\t\t\t\t<\/div>\n\t\t\t\t\t<\/div>\n\t\t<\/div>\n\t\t\t\t\t<\/div>\n\t\t<\/section>\n\t\t\t\t<section class=\"elementor-section elementor-inner-section elementor-element elementor-element-04b69d9 elementor-section-boxed elementor-section-height-default elementor-section-height-default\" data-id=\"04b69d9\" data-element_type=\"section\" data-e-type=\"section\">\n\t\t\t\t\t\t<div class=\"elementor-container elementor-column-gap-default\">\n\t\t\t\t\t<div class=\"elementor-column elementor-col-50 elementor-inner-column elementor-element elementor-element-b7b2c0d\" data-id=\"b7b2c0d\" data-element_type=\"column\" data-e-type=\"column\">\n\t\t\t<div class=\"elementor-widget-wrap elementor-element-populated\">\n\t\t\t\t\t\t<div class=\"elementor-element elementor-element-d74d22c elementor-widget elementor-widget-heading\" data-id=\"d74d22c\" data-element_type=\"widget\" data-e-type=\"widget\" data-widget_type=\"heading.default\">\n\t\t\t\t<div class=\"elementor-widget-container\">\n\t\t\t\t\t<h3 class=\"elementor-heading-title elementor-size-default\">Umfragen erstellen mit Mavelia<\/h3>\t\t\t\t<\/div>\n\t\t\t\t<\/div>\n\t\t\t\t<div class=\"elementor-element elementor-element-466fae4 elementor-widget elementor-widget-text-editor\" data-id=\"466fae4\" data-element_type=\"widget\" data-e-type=\"widget\" data-widget_type=\"text-editor.default\">\n\t\t\t\t<div class=\"elementor-widget-container\">\n\t\t\t\t\t\t\t\t\t<p><span style=\"font-style: inherit; font-weight: inherit;\">Mavelia ist die Web-App zur Planung, Begleitung und Evaluation von Unterricht, Lehre, Fortbildungen und Workshops. Sie richtet sich an Lehrende aus allen Bereichen, die ihre Arbeit effizienter und flexibler gestalten wollen. Unsere App kombiniert Tools f\u00fcr Lehrplanung, Open Educational Resources (OER) und KI-gest\u00fctzte L\u00f6sungen, um Unterrichtsmaterialien zu erstellen, anzupassen und zu verwalten.<\/span><\/p><p><strong>Mavelia<\/strong><br \/><a href=\"https:\/\/medienzentrum-frankfurt.de\/medien\/mavelia\">Infoportal\u00a0<\/a><br \/><br \/><\/p>\t\t\t\t\t\t\t\t<\/div>\n\t\t\t\t<\/div>\n\t\t\t\t\t<\/div>\n\t\t<\/div>\n\t\t\t\t<div class=\"elementor-column elementor-col-50 elementor-inner-column elementor-element elementor-element-c60c2aa\" data-id=\"c60c2aa\" data-element_type=\"column\" data-e-type=\"column\">\n\t\t\t<div class=\"elementor-widget-wrap elementor-element-populated\">\n\t\t\t\t\t\t<div class=\"elementor-element elementor-element-6435abc elementor-widget elementor-widget-video\" data-id=\"6435abc\" data-element_type=\"widget\" data-e-type=\"widget\" data-settings=\"{&quot;youtube_url&quot;:&quot;https:\\\/\\\/www.youtube.com\\\/shorts\\\/wHkh6ZCeM7A&quot;,&quot;video_type&quot;:&quot;youtube&quot;,&quot;controls&quot;:&quot;yes&quot;}\" data-widget_type=\"video.default\">\n\t\t\t\t<div class=\"elementor-widget-container\">\n\t\t\t\t\t\t\t<div class=\"elementor-wrapper elementor-open-inline\">\n\t\t\t<div class=\"elementor-video\"><\/div>\t\t<\/div>\n\t\t\t\t\t\t<\/div>\n\t\t\t\t<\/div>\n\t\t\t\t<div class=\"elementor-element elementor-element-8de13c5 elementor-widget elementor-widget-text-editor\" data-id=\"8de13c5\" data-element_type=\"widget\" data-e-type=\"widget\" data-widget_type=\"text-editor.default\">\n\t\t\t\t<div class=\"elementor-widget-container\">\n\t\t\t\t\t\t\t\t\t<p>In diesem Video erkl\u00e4ren wir, wie man mit Mavelia Umfragen erstellen kann. Mavelia bietet umfangreiche Umfragen- und Feedbacktools und breite Exportm\u00f6glichkeiten. Die Umfragen k\u00f6nnen wie bei anderen Systemen auch, direkt im Browser gestartet und via QR-Code geteilt werden.<\/p>\t\t\t\t\t\t\t\t<\/div>\n\t\t\t\t<\/div>\n\t\t\t\t\t<\/div>\n\t\t<\/div>\n\t\t\t\t\t<\/div>\n\t\t<\/section>\n\t\t\t\t\t<\/div>\n\t\t<\/div>\n\t\t\t\t\t<\/div>\n\t\t<\/section>\n\t\t\t\t<\/div>\n\t\t","protected":false},"excerpt":{"rendered":"<p>Unterrichtstools Edumaps Edumaps ist eine digitale Pinnwand, die hessischen Schulen \u00fcber den Edupool Hessen zur Verf\u00fcgung steht. Mit diesem Tool k\u00f6nnen Lehrkr\u00e4fte und Sch\u00fcler*innen gemeinsam Inhalte online sammeln, organisieren und teilen. Die Funktionen von Edumaps umfassen unter anderem das Verfassen von Texten, das Hochladen von Bildern, das Aufnehmen von Audiodateien sowie das Liken und Kommentieren [&hellip;]<\/p>\n","protected":false},"author":2,"featured_media":0,"parent":0,"menu_order":0,"comment_status":"closed","ping_status":"closed","template":"","meta":{"site-sidebar-layout":"no-sidebar","site-content-layout":"page-builder","ast-site-content-layout":"full-width-container","site-content-style":"default","site-sidebar-style":"default","ast-global-header-display":"","ast-banner-title-visibility":"","ast-main-header-display":"","ast-hfb-above-header-display":"","ast-hfb-below-header-display":"","ast-hfb-mobile-header-display":"","site-post-title":"disabled","ast-breadcrumbs-content":"","ast-featured-img":"disabled","footer-sml-layout":"","theme-transparent-header-meta":"","adv-header-id-meta":"","stick-header-meta":"","header-above-stick-meta":"","header-main-stick-meta":"","header-below-stick-meta":"","astra-migrate-meta-layouts":"default","ast-page-background-enabled":"default","ast-page-background-meta":{"desktop":{"background-color":"var(--ast-global-color-4)","background-image":"","background-repeat":"repeat","background-position":"center center","background-size":"auto","background-attachment":"scroll","background-type":"","background-media":"","overlay-type":"","overlay-color":"","overlay-opacity":"","overlay-gradient":""},"tablet":{"background-color":"","background-image":"","background-repeat":"repeat","background-position":"center center","background-size":"auto","background-attachment":"scroll","background-type":"","background-media":"","overlay-type":"","overlay-color":"","overlay-opacity":"","overlay-gradient":""},"mobile":{"background-color":"","background-image":"","background-repeat":"repeat","background-position":"center center","background-size":"auto","background-attachment":"scroll","background-type":"","background-media":"","overlay-type":"","overlay-color":"","overlay-opacity":"","overlay-gradient":""}},"ast-content-background-meta":{"desktop":{"background-color":"var(--ast-global-color-5)","background-image":"","background-repeat":"repeat","background-position":"center center","background-size":"auto","background-attachment":"scroll","background-type":"","background-media":"","overlay-type":"","overlay-color":"","overlay-opacity":"","overlay-gradient":""},"tablet":{"background-color":"var(--ast-global-color-5)","background-image":"","background-repeat":"repeat","background-position":"center center","background-size":"auto","background-attachment":"scroll","background-type":"","background-media":"","overlay-type":"","overlay-color":"","overlay-opacity":"","overlay-gradient":""},"mobile":{"background-color":"var(--ast-global-color-5)","background-image":"","background-repeat":"repeat","background-position":"center center","background-size":"auto","background-attachment":"scroll","background-type":"","background-media":"","overlay-type":"","overlay-color":"","overlay-opacity":"","overlay-gradient":""}},"footnotes":""},"class_list":["post-1467","page","type-page","status-publish","hentry"],"_links":{"self":[{"href":"https:\/\/materialnetzwerk-frankfurt.de\/index.php?rest_route=\/wp\/v2\/pages\/1467","targetHints":{"allow":["GET"]}}],"collection":[{"href":"https:\/\/materialnetzwerk-frankfurt.de\/index.php?rest_route=\/wp\/v2\/pages"}],"about":[{"href":"https:\/\/materialnetzwerk-frankfurt.de\/index.php?rest_route=\/wp\/v2\/types\/page"}],"author":[{"embeddable":true,"href":"https:\/\/materialnetzwerk-frankfurt.de\/index.php?rest_route=\/wp\/v2\/users\/2"}],"replies":[{"embeddable":true,"href":"https:\/\/materialnetzwerk-frankfurt.de\/index.php?rest_route=%2Fwp%2Fv2%2Fcomments&post=1467"}],"version-history":[{"count":31,"href":"https:\/\/materialnetzwerk-frankfurt.de\/index.php?rest_route=\/wp\/v2\/pages\/1467\/revisions"}],"predecessor-version":[{"id":1529,"href":"https:\/\/materialnetzwerk-frankfurt.de\/index.php?rest_route=\/wp\/v2\/pages\/1467\/revisions\/1529"}],"wp:attachment":[{"href":"https:\/\/materialnetzwerk-frankfurt.de\/index.php?rest_route=%2Fwp%2Fv2%2Fmedia&parent=1467"}],"curies":[{"name":"wp","href":"https:\/\/api.w.org\/{rel}","templated":true}]}}