{"id":494,"date":"2023-08-09T11:23:43","date_gmt":"2023-08-09T11:23:43","guid":{"rendered":"https:\/\/materialnetzwerk-frankfurt.de\/?page_id=494"},"modified":"2024-09-17T13:57:42","modified_gmt":"2024-09-17T13:57:42","slug":"medienbildung","status":"publish","type":"page","link":"https:\/\/materialnetzwerk-frankfurt.de\/?page_id=494","title":{"rendered":"Medienbildung"},"content":{"rendered":"\t\t<div data-elementor-type=\"wp-page\" data-elementor-id=\"494\" class=\"elementor elementor-494\" data-elementor-post-type=\"page\">\n\t\t\t\t\t\t<section class=\"elementor-section elementor-top-section elementor-element elementor-element-16fefec elementor-section-stretched elementor-section-boxed elementor-section-height-default elementor-section-height-default\" data-id=\"16fefec\" data-element_type=\"section\" data-e-type=\"section\" data-settings=\"{&quot;stretch_section&quot;:&quot;section-stretched&quot;,&quot;background_background&quot;:&quot;classic&quot;,&quot;shape_divider_bottom&quot;:&quot;triangle-asymmetrical&quot;}\">\n\t\t\t\t\t\t\t<div class=\"elementor-background-overlay\"><\/div>\n\t\t\t\t\t\t<div class=\"elementor-shape elementor-shape-bottom\" aria-hidden=\"true\" data-negative=\"false\">\n\t\t\t<svg xmlns=\"http:\/\/www.w3.org\/2000\/svg\" viewBox=\"0 0 1000 100\" preserveAspectRatio=\"none\">\n\t<path class=\"elementor-shape-fill\" d=\"M738,99l262-93V0H0v5.6L738,99z\"\/>\n<\/svg>\t\t<\/div>\n\t\t\t\t\t<div class=\"elementor-container elementor-column-gap-default\">\n\t\t\t\t\t<div class=\"elementor-column elementor-col-100 elementor-top-column elementor-element elementor-element-611222ee\" data-id=\"611222ee\" data-element_type=\"column\" data-e-type=\"column\">\n\t\t\t<div class=\"elementor-widget-wrap elementor-element-populated\">\n\t\t\t\t\t\t<div class=\"elementor-element elementor-element-7dfaf38c elementor-widget elementor-widget-heading\" data-id=\"7dfaf38c\" data-element_type=\"widget\" data-e-type=\"widget\" data-widget_type=\"heading.default\">\n\t\t\t\t<div class=\"elementor-widget-container\">\n\t\t\t\t\t<h1 class=\"elementor-heading-title elementor-size-default\">Unterricht im Zeitalter der Digitalit\u00e4t<\/h1>\t\t\t\t<\/div>\n\t\t\t\t<\/div>\n\t\t\t\t<div class=\"elementor-element elementor-element-276bf146 elementor-widget elementor-widget-text-editor\" data-id=\"276bf146\" data-element_type=\"widget\" data-e-type=\"widget\" data-widget_type=\"text-editor.default\">\n\t\t\t\t<div class=\"elementor-widget-container\">\n\t\t\t\t\t\t\t\t\t<p><span data-contrast=\"none\">Die Welt befindet sich im stetigen Wandel. Digitalisierung und Globalisierung machen auch vor Schule nicht Halt, gesellschaftliche Umw\u00e4lzungseffekte stellen uns alle vor ganz neue, auch st\u00e4ndig wechselnde Herausforderungen.\u00a0<\/span><span data-ccp-props=\"{&quot;134233118&quot;:true,&quot;201341983&quot;:0,&quot;335559739&quot;:160,&quot;335559740&quot;:240}\"><br \/><\/span><span data-contrast=\"none\">Jugendliche Sozialisation und eine ver\u00e4nderte Arbeitswelt (Stichwort \u201eIndustrie 4.0\u201c) werfen immer neue Fragen auf, die nur in Teilen durch das System Schule beantwortet werden k\u00f6nnen.\u00a0<\/span><\/p>\t\t\t\t\t\t\t\t<\/div>\n\t\t\t\t<\/div>\n\t\t\t\t\t<\/div>\n\t\t<\/div>\n\t\t\t\t\t<\/div>\n\t\t<\/section>\n\t\t\t\t<section class=\"elementor-section elementor-top-section elementor-element elementor-element-6b4ec8f elementor-section-boxed elementor-section-height-default elementor-section-height-default\" data-id=\"6b4ec8f\" data-element_type=\"section\" data-e-type=\"section\">\n\t\t\t\t\t\t<div class=\"elementor-container elementor-column-gap-default\">\n\t\t\t\t\t<div class=\"elementor-column elementor-col-100 elementor-top-column elementor-element elementor-element-6e37f56\" data-id=\"6e37f56\" data-element_type=\"column\" data-e-type=\"column\">\n\t\t\t<div class=\"elementor-widget-wrap elementor-element-populated\">\n\t\t\t\t\t\t<div class=\"elementor-element elementor-element-0276163 elementor-widget elementor-widget-heading\" data-id=\"0276163\" data-element_type=\"widget\" data-e-type=\"widget\" data-widget_type=\"heading.default\">\n\t\t\t\t<div class=\"elementor-widget-container\">\n\t\t\t\t\t<h2 class=\"elementor-heading-title elementor-size-default\">I. Digitalisierung first - Bedenken second?<\/h2>\t\t\t\t<\/div>\n\t\t\t\t<\/div>\n\t\t\t\t<div class=\"elementor-element elementor-element-53cb86b elementor-blockquote--skin-border elementor-widget elementor-widget-blockquote\" data-id=\"53cb86b\" data-element_type=\"widget\" data-e-type=\"widget\" data-widget_type=\"blockquote.default\">\n\t\t\t\t<div class=\"elementor-widget-container\">\n\t\t\t\t\t\t\t<blockquote class=\"elementor-blockquote\">\n\t\t\t<p class=\"elementor-blockquote__content\">\n\t\t\t\tDas Thema der Digitalisierung deutscher Schulen hat sich (durch Digitalpakt und Coronapandemie) zu einem Dauerbrenner in der medialen \u00d6ffentlichkeit entwickelt. Schaut man jedoch genauer hin, so stellt man h\u00e4ufig fest, dass es sich bei den der Thematik anschlie\u00dfenden Debatten h\u00e4ufig um technikdeterministische Diskurse handelt, die sich fast ausschlie\u00dflich mit der technischen Ausstattung an Schulen besch\u00e4ftigen und implizit davon ausgehen, dass sich Arbeitsweisen und Lernprozesse automatisch an die sich ver\u00e4nderten technischen Gegebenheiten anpassen. <br><br>Dass dem nicht so ist, zeigt uns nicht zuletzt die internationale Vergleichsstudie ICILS (International Computer and Information Literacy Study), welche im F\u00fcnfjahres-Turnus die computer- und informationsbezogenen Kompetenzen von Sch\u00fcler:innen der Klassenstufe 8 erfasst. Sowohl 2013 als auch 2018 musste festgestellt werden, dass es in Deutschland (im Gegensatz zu den meisten anderen ICILS-Teilnehmerl\u00e4ndern) zu einem negativen Zusammenhang zwischen Kompetenzerwerb und Nutzungsh\u00e4ufigkeit digitaler Medien f\u00fcr schulische Zwecke kommt.  <br><br>\n\nDaraus kann geschlossen werden, dass die technischen Mittel unserer Zeit auch einer entsprechend zeitgem\u00e4\u00dfen Didaktik und Methodik bed\u00fcrfen. Eine Neugestaltung der Lehr- und Lernprozesse zur sinnvollen Einbindung digitaler Lernumgebungen, wie sie bereits 2016 von der Kultusministerkonferenz gefordert wurde, scheint daher unumg\u00e4nglich. \t\t\t<\/p>\n\t\t\t\t\t<\/blockquote>\n\t\t\t\t\t\t<\/div>\n\t\t\t\t<\/div>\n\t\t\t\t\t<\/div>\n\t\t<\/div>\n\t\t\t\t\t<\/div>\n\t\t<\/section>\n\t\t\t\t<section class=\"elementor-section elementor-top-section elementor-element elementor-element-e3fda58 elementor-section-boxed elementor-section-height-default elementor-section-height-default\" data-id=\"e3fda58\" data-element_type=\"section\" data-e-type=\"section\">\n\t\t\t\t\t\t<div class=\"elementor-container elementor-column-gap-default\">\n\t\t\t\t\t<div class=\"elementor-column elementor-col-100 elementor-top-column elementor-element elementor-element-707de33\" data-id=\"707de33\" data-element_type=\"column\" data-e-type=\"column\">\n\t\t\t<div class=\"elementor-widget-wrap elementor-element-populated\">\n\t\t\t\t\t\t<div class=\"elementor-element elementor-element-1375590 elementor-widget elementor-widget-heading\" data-id=\"1375590\" data-element_type=\"widget\" data-e-type=\"widget\" data-widget_type=\"heading.default\">\n\t\t\t\t<div class=\"elementor-widget-container\">\n\t\t\t\t\t<h2 class=\"elementor-heading-title elementor-size-default\">II. Digitalisierung und Digitalit\u00e4t<\/h2>\t\t\t\t<\/div>\n\t\t\t\t<\/div>\n\t\t\t\t<section class=\"elementor-section elementor-inner-section elementor-element elementor-element-872caf8 elementor-section-boxed elementor-section-height-default elementor-section-height-default\" data-id=\"872caf8\" data-element_type=\"section\" data-e-type=\"section\">\n\t\t\t\t\t\t<div class=\"elementor-container elementor-column-gap-default\">\n\t\t\t\t\t<div class=\"elementor-column elementor-col-100 elementor-inner-column elementor-element elementor-element-e15e53c\" data-id=\"e15e53c\" data-element_type=\"column\" data-e-type=\"column\">\n\t\t\t<div class=\"elementor-widget-wrap elementor-element-populated\">\n\t\t\t\t\t\t<div class=\"elementor-element elementor-element-be42277 elementor-widget elementor-widget-text-editor\" data-id=\"be42277\" data-element_type=\"widget\" data-e-type=\"widget\" data-widget_type=\"text-editor.default\">\n\t\t\t\t<div class=\"elementor-widget-container\">\n\t\t\t\t\t\t\t\t\t<p><span data-contrast=\"none\"><img fetchpriority=\"high\" decoding=\"async\" class=\"alignright wp-image-502\" src=\"https:\/\/materialnetzwerk-frankfurt.de\/wp-content\/uploads\/2023\/08\/digitalisierung-digitalitaet.jpg\" alt=\"\" width=\"498\" height=\"368\" srcset=\"https:\/\/materialnetzwerk-frankfurt.de\/wp-content\/uploads\/2023\/08\/digitalisierung-digitalitaet.jpg 681w, https:\/\/materialnetzwerk-frankfurt.de\/wp-content\/uploads\/2023\/08\/digitalisierung-digitalitaet-300x222.jpg 300w\" sizes=\"(max-width: 498px) 100vw, 498px\" \/>Einen guten Ansatz bietet die Unterscheidung zwischen dem technischen Begriff der Digitalisierung und dem kulturellen Begriff der Digitalit\u00e4t. Die Abbildung von Beat D\u00f6beli Honneger (http:\/\/blog.doebe.li\/Blog\/DigitalisierungDigitalitaetUndCo) zeigt dies anschaulich.<\/span><span data-ccp-props=\"{&quot;134233118&quot;:true,&quot;201341983&quot;:0,&quot;335559739&quot;:160,&quot;335559740&quot;:240}\">\u00a0<\/span><\/p><p><span data-contrast=\"none\">Die technischen M\u00f6glichkeiten der Digitalisierung haben vieles vereinfacht. Das selbstst\u00e4ndige Erarbeiten von Lerninhalten geht mit hybriden Lernpl\u00e4nen (Erkl\u00e4rvideos, digitale \u00dcbungsaufgaben, kollaborative Arbeitstools, digitale Reflexionstools) sehr viel leichter von der Hand, asynchrones Lernen an verschiedenen Orten ist einfacher zu organisieren. Zudem k\u00f6nnen durch intelligente, kreative Lernprodukte Leistungen valider gemessen und Lernentwicklungen besser diagnostiziert werden.<\/span><span data-ccp-props=\"{&quot;134233118&quot;:true,&quot;201341983&quot;:0,&quot;335559739&quot;:160,&quot;335559740&quot;:240}\">\u00a0<\/span><\/p><p><span data-contrast=\"none\">Neben diesen technischen Vereinfachungen spielt aber auch die Lebensrealit\u00e4t der Lernenden eine gro\u00dfe Rolle. Unsere Jugend w\u00e4chst in einer Kultur der Digitalit\u00e4t heran. Diese ist divers, komplex und kaum \u00fcberschaubar. Doch welche F\u00e4higkeiten brauchen Menschen in Vorbereitung auf eine Welt, die sich durch ihre Schnelllebigkeit und den damit einhergehenden Kontrollverlust auszeichnet, um weiterhin partizipieren und an Gesellschaft teilhaben zu k\u00f6nnen?<\/span><\/p>\t\t\t\t\t\t\t\t<\/div>\n\t\t\t\t<\/div>\n\t\t\t\t\t<\/div>\n\t\t<\/div>\n\t\t\t\t\t<\/div>\n\t\t<\/section>\n\t\t\t\t\t<\/div>\n\t\t<\/div>\n\t\t\t\t\t<\/div>\n\t\t<\/section>\n\t\t\t\t<section class=\"elementor-section elementor-top-section elementor-element elementor-element-63a7ae6 elementor-section-boxed elementor-section-height-default elementor-section-height-default\" data-id=\"63a7ae6\" data-element_type=\"section\" data-e-type=\"section\">\n\t\t\t\t\t\t<div class=\"elementor-container elementor-column-gap-default\">\n\t\t\t\t\t<div class=\"elementor-column elementor-col-100 elementor-top-column elementor-element elementor-element-a519bac\" data-id=\"a519bac\" data-element_type=\"column\" data-e-type=\"column\">\n\t\t\t<div class=\"elementor-widget-wrap elementor-element-populated\">\n\t\t\t\t\t\t<div class=\"elementor-element elementor-element-50e9c92 elementor-widget elementor-widget-heading\" data-id=\"50e9c92\" data-element_type=\"widget\" data-e-type=\"widget\" data-widget_type=\"heading.default\">\n\t\t\t\t<div class=\"elementor-widget-container\">\n\t\t\t\t\t<h2 class=\"elementor-heading-title elementor-size-default\">III. Digitalisierung und Digitalit\u00e4t<\/h2>\t\t\t\t<\/div>\n\t\t\t\t<\/div>\n\t\t\t\t<section class=\"elementor-section elementor-inner-section elementor-element elementor-element-dc7bca5 elementor-section-boxed elementor-section-height-default elementor-section-height-default\" data-id=\"dc7bca5\" data-element_type=\"section\" data-e-type=\"section\">\n\t\t\t\t\t\t<div class=\"elementor-container elementor-column-gap-default\">\n\t\t\t\t\t<div class=\"elementor-column elementor-col-100 elementor-inner-column elementor-element elementor-element-4a1f818\" data-id=\"4a1f818\" data-element_type=\"column\" data-e-type=\"column\">\n\t\t\t<div class=\"elementor-widget-wrap elementor-element-populated\">\n\t\t\t\t\t\t<div class=\"elementor-element elementor-element-cc8188b elementor-widget elementor-widget-text-editor\" data-id=\"cc8188b\" data-element_type=\"widget\" data-e-type=\"widget\" data-widget_type=\"text-editor.default\">\n\t\t\t\t<div class=\"elementor-widget-container\">\n\t\t\t\t\t\t\t\t\t<p><img decoding=\"async\" class=\"alignright wp-image-509 size-medium\" src=\"https:\/\/materialnetzwerk-frankfurt.de\/wp-content\/uploads\/2023\/08\/DFmdD_4K-Modell_Credits_transparent_neu-624x624-1-300x300.png\" alt=\"\" width=\"300\" height=\"300\" srcset=\"https:\/\/materialnetzwerk-frankfurt.de\/wp-content\/uploads\/2023\/08\/DFmdD_4K-Modell_Credits_transparent_neu-624x624-1-300x300.png 300w, https:\/\/materialnetzwerk-frankfurt.de\/wp-content\/uploads\/2023\/08\/DFmdD_4K-Modell_Credits_transparent_neu-624x624-1-150x150.png 150w, https:\/\/materialnetzwerk-frankfurt.de\/wp-content\/uploads\/2023\/08\/DFmdD_4K-Modell_Credits_transparent_neu-624x624-1.png 624w\" sizes=\"(max-width: 300px) 100vw, 300px\" \/><\/p><p><span data-contrast=\"none\">Unter dieser Fragestellung besch\u00e4ftigten sich im letzten Jahrzehnt verschiedene Studien zu den sogenannten \u201e21st century skills\u201c (exem<\/span><span style=\"font-style: inherit; font-weight: inherit; color: var( --e-global-color-text ); font-family: var( --e-global-typography-text-font-family ), Sans-serif; background-color: var(--ast-global-color-5);\">plarisch erw\u00e4hnt seien hier der Digital Competence Framework 2.0 der Europ\u00e4ischen Kommission und der Lernkompass 20<\/span><span style=\"font-style: inherit; font-weight: inherit; color: var( --e-global-color-text ); font-family: var( --e-global-typography-text-font-family ), Sans-serif; background-color: var(--ast-global-color-5);\" data-contrast=\"none\">30 der OECD). Im deutschsprachigen Bildungsdiskurs erlangte hierdurch das insbesondere in den USA weit verbreitete 4K-Modell gro\u00dfe Bekanntheit.<\/span><span style=\"font-style: inherit; font-weight: inherit; color: var( --e-global-color-text ); font-family: var( --e-global-typography-text-font-family ), Sans-serif; background-color: var(--ast-global-color-5);\" data-ccp-props=\"{&quot;134233118&quot;:true,&quot;201341983&quot;:0,&quot;335559739&quot;:160,&quot;335559740&quot;:240}\">\u00a0<\/span><\/p><p><span style=\"font-style: inherit; font-weight: inherit; color: var( --e-global-color-text ); font-family: var( --e-global-typography-text-font-family ), Sans-serif; background-color: var(--ast-global-color-5);\">Bei den 4Ks handelt es sich hierbei um \u00fcberfachliche Kompetenzen, welche den Rahmen f\u00fcr den Umgang mit Wissen und Lernen in einer Kultur der Digitalit\u00e4t bilden und\u00a0<\/span><span style=\"font-style: inherit; font-weight: inherit; color: var( --e-global-color-text ); font-family: var( --e-global-typography-text-font-family ), Sans-serif; background-color: var(--ast-global-color-5);\" data-contrast=\"none\">damit als Orientierungspunkt f\u00fcr eine zeitgem\u00e4\u00dfe Didaktik genutzt werden k\u00f6nnen.<\/span><span style=\"font-style: inherit; font-weight: inherit; color: var( --e-global-color-text ); font-family: var( --e-global-typography-text-font-family ), Sans-serif; background-color: var(--ast-global-color-5);\" data-ccp-props=\"{&quot;134233118&quot;:true,&quot;201341983&quot;:2,&quot;335551550&quot;:6,&quot;335551620&quot;:6,&quot;335559739&quot;:160,&quot;335559740&quot;:293}\">\u00a0<br \/><\/span><span style=\"font-style: inherit; font-weight: inherit; color: var( --e-global-color-text ); font-family: var( --e-global-typography-text-font-family ), Sans-serif; background-color: var(--ast-global-color-5);\">Statt einfaches Wissen abrufen zu m\u00fcssen, werden Menschen in der Zukunft immer mehr komplexe Prozesse verstehen und sich selbstst\u00e4ndig auf ver\u00e4nderte Lebens- und Arbeitsbedingungen einlassen m\u00fcssen. Hierbei werden die sogenannten 21st Century Skills eine immer gr\u00f6\u00dfere Bedeutung erlangen.<\/span><\/p>\t\t\t\t\t\t\t\t<\/div>\n\t\t\t\t<\/div>\n\t\t\t\t\t<\/div>\n\t\t<\/div>\n\t\t\t\t\t<\/div>\n\t\t<\/section>\n\t\t\t\t\t<\/div>\n\t\t<\/div>\n\t\t\t\t\t<\/div>\n\t\t<\/section>\n\t\t\t\t<section class=\"elementor-section elementor-top-section elementor-element elementor-element-131371b elementor-section-boxed elementor-section-height-default elementor-section-height-default\" data-id=\"131371b\" data-element_type=\"section\" data-e-type=\"section\">\n\t\t\t\t\t\t<div class=\"elementor-container elementor-column-gap-default\">\n\t\t\t\t\t<div class=\"elementor-column elementor-col-100 elementor-top-column elementor-element elementor-element-ed2a00c\" data-id=\"ed2a00c\" data-element_type=\"column\" data-e-type=\"column\">\n\t\t\t<div class=\"elementor-widget-wrap elementor-element-populated\">\n\t\t\t\t\t\t<div class=\"elementor-element elementor-element-dbeb444 elementor-widget elementor-widget-heading\" data-id=\"dbeb444\" data-element_type=\"widget\" data-e-type=\"widget\" data-widget_type=\"heading.default\">\n\t\t\t\t<div class=\"elementor-widget-container\">\n\t\t\t\t\t<h2 class=\"elementor-heading-title elementor-size-default\">IV. \"Lernen ist der Beruf der Zukunft\"<\/h2>\t\t\t\t<\/div>\n\t\t\t\t<\/div>\n\t\t\t\t<div class=\"elementor-element elementor-element-407aa75 elementor-blockquote--skin-border elementor-widget elementor-widget-blockquote\" data-id=\"407aa75\" data-element_type=\"widget\" data-e-type=\"widget\" data-widget_type=\"blockquote.default\">\n\t\t\t\t<div class=\"elementor-widget-container\">\n\t\t\t\t\t\t\t<blockquote class=\"elementor-blockquote\">\n\t\t\t<p class=\"elementor-blockquote__content\">\n\t\t\t\tEine der entscheidenden F\u00e4higkeiten der Zukunft wird es dabei sein, selbstst\u00e4ndig lernen zu k\u00f6nnen. Entsprechend muss es ein gro\u00dfes Anliegen von Schule sein, die Selbstst\u00e4ndigkeit der Sch\u00fcler:innen zu f\u00f6rdern, Grundlagen f\u00fcr das lebenslange Lernen zu schaffen und sie frei nach dem Zitat \u201eLernen ist der Beruf der Zukunft\u201c (Andreas Schleicher, OECD) als sehr gute Lerner aus unseren Systemen zu entlassen. \t\t\t<\/p>\n\t\t\t\t\t<\/blockquote>\n\t\t\t\t\t\t<\/div>\n\t\t\t\t<\/div>\n\t\t\t\t\t<\/div>\n\t\t<\/div>\n\t\t\t\t\t<\/div>\n\t\t<\/section>\n\t\t\t\t<section class=\"elementor-section elementor-top-section elementor-element elementor-element-4e4a4b3 elementor-section-boxed elementor-section-height-default elementor-section-height-default\" data-id=\"4e4a4b3\" data-element_type=\"section\" data-e-type=\"section\">\n\t\t\t\t\t\t<div class=\"elementor-container elementor-column-gap-default\">\n\t\t\t\t\t<div class=\"elementor-column elementor-col-100 elementor-top-column elementor-element elementor-element-2e58543\" data-id=\"2e58543\" data-element_type=\"column\" data-e-type=\"column\">\n\t\t\t<div class=\"elementor-widget-wrap elementor-element-populated\">\n\t\t\t\t\t\t<div class=\"elementor-element elementor-element-d983517 elementor-widget elementor-widget-heading\" data-id=\"d983517\" data-element_type=\"widget\" data-e-type=\"widget\" data-widget_type=\"heading.default\">\n\t\t\t\t<div class=\"elementor-widget-container\">\n\t\t\t\t\t<h2 class=\"elementor-heading-title elementor-size-default\">V. Fazit und Ausblick<\/h2>\t\t\t\t<\/div>\n\t\t\t\t<\/div>\n\t\t\t\t<div class=\"elementor-element elementor-element-01593fe elementor-blockquote--skin-border elementor-widget elementor-widget-blockquote\" data-id=\"01593fe\" data-element_type=\"widget\" data-e-type=\"widget\" data-widget_type=\"blockquote.default\">\n\t\t\t\t<div class=\"elementor-widget-container\">\n\t\t\t\t\t\t\t<blockquote class=\"elementor-blockquote\">\n\t\t\t<p class=\"elementor-blockquote__content\">\n\t\t\t\tSelbstverst\u00e4ndlich ist f\u00fcr zeitgem\u00e4\u00dfen Unterricht ein Mindestma\u00df an technischer medialer\/digitaler Ausstattung notwendig. So ist die schnelle Anbindung an das Netz mit allen in der Schulen nutzbaren digitalen Endger\u00e4ten, die WLAN-Nutzung, Grundvoraussetzung gelingender Praxis. Auf der anderen Seite ist Unterricht nicht automatisch zeitgem\u00e4\u00df oder gelungen, sobald er sich online abbildet. \n<br>F\u00fcr den gelungenen Einsatz digitaler Medien und Netzwerke f\u00fcr den Unterricht bedarf es eines stimmigen p\u00e4dagogischen Konzepts, welches auf die notwendige Infrastruktur aufbauend eben diese (Schl\u00fcssel-)Kompetenzen f\u00f6rdert, die die Sch\u00fcler:innen f\u00fcr zuk\u00fcnftige Herausforderungen fit macht.\n<br>Eine zuverl\u00e4ssige, potente und fl\u00e4chendeckende Netzinfrastruktur in den Schulen bildet hierf\u00fcr den Grundstein p\u00e4dagogischen Handelns. Das Konzept f\u00fcr den sinnvollen Einsatz muss vor Ort in den Bildungseinrichtungen ausgestaltet werden. Dieser Leitfaden \u201eWLAN-Konzept\u201c will hierf\u00fcr einen Beitrag leisten. \t\t\t<\/p>\n\t\t\t\t\t<\/blockquote>\n\t\t\t\t\t\t<\/div>\n\t\t\t\t<\/div>\n\t\t\t\t\t<\/div>\n\t\t<\/div>\n\t\t\t\t\t<\/div>\n\t\t<\/section>\n\t\t\t\t<\/div>\n\t\t","protected":false},"excerpt":{"rendered":"<p>Unterricht im Zeitalter der Digitalit\u00e4t Die Welt befindet sich im stetigen Wandel. Digitalisierung und Globalisierung machen auch vor Schule nicht Halt, gesellschaftliche Umw\u00e4lzungseffekte stellen uns alle vor ganz neue, auch st\u00e4ndig wechselnde Herausforderungen.\u00a0Jugendliche Sozialisation und eine ver\u00e4nderte Arbeitswelt (Stichwort \u201eIndustrie 4.0\u201c) werfen immer neue Fragen auf, die nur in Teilen durch das System Schule beantwortet [&hellip;]<\/p>\n","protected":false},"author":1,"featured_media":0,"parent":0,"menu_order":0,"comment_status":"closed","ping_status":"closed","template":"","meta":{"site-sidebar-layout":"no-sidebar","site-content-layout":"page-builder","ast-site-content-layout":"default","site-content-style":"default","site-sidebar-style":"default","ast-global-header-display":"","ast-banner-title-visibility":"","ast-main-header-display":"","ast-hfb-above-header-display":"","ast-hfb-below-header-display":"","ast-hfb-mobile-header-display":"","site-post-title":"disabled","ast-breadcrumbs-content":"","ast-featured-img":"disabled","footer-sml-layout":"","theme-transparent-header-meta":"","adv-header-id-meta":"","stick-header-meta":"","header-above-stick-meta":"","header-main-stick-meta":"","header-below-stick-meta":"","astra-migrate-meta-layouts":"default","ast-page-background-enabled":"default","ast-page-background-meta":{"desktop":{"background-color":"var(--ast-global-color-4)","background-image":"","background-repeat":"repeat","background-position":"center center","background-size":"auto","background-attachment":"scroll","background-type":"","background-media":"","overlay-type":"","overlay-color":"","overlay-opacity":"","overlay-gradient":""},"tablet":{"background-color":"","background-image":"","background-repeat":"repeat","background-position":"center center","background-size":"auto","background-attachment":"scroll","background-type":"","background-media":"","overlay-type":"","overlay-color":"","overlay-opacity":"","overlay-gradient":""},"mobile":{"background-color":"","background-image":"","background-repeat":"repeat","background-position":"center center","background-size":"auto","background-attachment":"scroll","background-type":"","background-media":"","overlay-type":"","overlay-color":"","overlay-opacity":"","overlay-gradient":""}},"ast-content-background-meta":{"desktop":{"background-color":"var(--ast-global-color-5)","background-image":"","background-repeat":"repeat","background-position":"center center","background-size":"auto","background-attachment":"scroll","background-type":"","background-media":"","overlay-type":"","overlay-color":"","overlay-opacity":"","overlay-gradient":""},"tablet":{"background-color":"var(--ast-global-color-5)","background-image":"","background-repeat":"repeat","background-position":"center center","background-size":"auto","background-attachment":"scroll","background-type":"","background-media":"","overlay-type":"","overlay-color":"","overlay-opacity":"","overlay-gradient":""},"mobile":{"background-color":"var(--ast-global-color-5)","background-image":"","background-repeat":"repeat","background-position":"center center","background-size":"auto","background-attachment":"scroll","background-type":"","background-media":"","overlay-type":"","overlay-color":"","overlay-opacity":"","overlay-gradient":""}},"footnotes":""},"class_list":["post-494","page","type-page","status-publish","hentry"],"_links":{"self":[{"href":"https:\/\/materialnetzwerk-frankfurt.de\/index.php?rest_route=\/wp\/v2\/pages\/494","targetHints":{"allow":["GET"]}}],"collection":[{"href":"https:\/\/materialnetzwerk-frankfurt.de\/index.php?rest_route=\/wp\/v2\/pages"}],"about":[{"href":"https:\/\/materialnetzwerk-frankfurt.de\/index.php?rest_route=\/wp\/v2\/types\/page"}],"author":[{"embeddable":true,"href":"https:\/\/materialnetzwerk-frankfurt.de\/index.php?rest_route=\/wp\/v2\/users\/1"}],"replies":[{"embeddable":true,"href":"https:\/\/materialnetzwerk-frankfurt.de\/index.php?rest_route=%2Fwp%2Fv2%2Fcomments&post=494"}],"version-history":[{"count":43,"href":"https:\/\/materialnetzwerk-frankfurt.de\/index.php?rest_route=\/wp\/v2\/pages\/494\/revisions"}],"predecessor-version":[{"id":1305,"href":"https:\/\/materialnetzwerk-frankfurt.de\/index.php?rest_route=\/wp\/v2\/pages\/494\/revisions\/1305"}],"wp:attachment":[{"href":"https:\/\/materialnetzwerk-frankfurt.de\/index.php?rest_route=%2Fwp%2Fv2%2Fmedia&parent=494"}],"curies":[{"name":"wp","href":"https:\/\/api.w.org\/{rel}","templated":true}]}}